{"id":8745,"date":"2024-07-15T10:36:47","date_gmt":"2024-07-15T10:36:47","guid":{"rendered":"https:\/\/divinorog.com.br\/divino\/index.php\/dizimo-copy\/"},"modified":"2024-07-18T17:06:42","modified_gmt":"2024-07-18T17:06:42","slug":"doacao","status":"publish","type":"page","link":"https:\/\/divinorog.com.br\/index.php\/doacao\/","title":{"rendered":"Doa\u00e7\u00e3o"},"content":{"rendered":"<p>Fa\u00e7a sua doa\u00e7\u00e3o agora:<\/p>\n<p style=\"text-align: center;\"><strong><u>FA\u00c7A SUA DOA\u00c7\u00c3O AGORA:<\/u><\/strong><\/p>\n<p style=\"text-align: center;\">Pelo QR CODE<\/p>\n<p style=\"text-align: center;\"><img loading=\"lazy\" decoding=\"async\" class=\"alignnone size-full wp-image-8747\" src=\"https:\/\/divinorog.com.br\/wp-content\/uploads\/2024\/07\/qrcodeDOA.png\" alt=\"\" width=\"307\" height=\"304\" srcset=\"https:\/\/divinorog.com.br\/wp-content\/uploads\/2024\/07\/qrcodeDOA.png 307w, https:\/\/divinorog.com.br\/wp-content\/uploads\/2024\/07\/qrcodeDOA-300x297.png 300w, https:\/\/divinorog.com.br\/wp-content\/uploads\/2024\/07\/qrcodeDOA-150x150.png 150w, https:\/\/divinorog.com.br\/wp-content\/uploads\/2024\/07\/qrcodeDOA-70x70.png 70w\" sizes=\"auto, (max-width: 307px) 100vw, 307px\" \/><\/p>\n<p style=\"text-align: center;\">Por CHAVE PIX: <strong>secretaria.pdes@hotmail.com<\/strong><\/p>\n<p style=\"text-align: center;\">Por transfer\u00eancia Banc\u00e1ria<\/p>\n<p style=\"text-align: center;\">Banco: Caixa Econ\u00f4mica Federal<\/p>\n<p style=\"text-align: center;\">Ag\u00eancia: 0643<\/p>\n<p style=\"text-align: center;\">Conta Poupan\u00e7a: 000739021789-9<\/p>\n<p style=\"text-align: center;\">CNPJ: 00.108.217\/0006-24<\/p>\n<p>&nbsp;<\/p>\n","protected":false},"excerpt":{"rendered":"<p>Fa\u00e7a sua doa\u00e7\u00e3o agora: FA\u00c7A SUA DOA\u00c7\u00c3O AGORA: Pelo QR CODE Por CHAVE PIX: secretaria.pdes@hotmail.com Por transfer\u00eancia Banc\u00e1ria Banco: Caixa Econ\u00f4mica Federal Ag\u00eancia: 0643 Conta Poupan\u00e7a: 000739021789-9 CNPJ: 00.108.217\/0006-24 &nbsp;<\/p>\n","protected":false},"author":1,"featured_media":0,"parent":0,"menu_order":0,"comment_status":"closed","ping_status":"closed","template":"","meta":{"footnotes":""},"class_list":["post-8745","page","type-page","status-publish","hentry"],"_links":{"self":[{"href":"https:\/\/divinorog.com.br\/index.php\/wp-json\/wp\/v2\/pages\/8745","targetHints":{"allow":["GET"]}}],"collection":[{"href":"https:\/\/divinorog.com.br\/index.php\/wp-json\/wp\/v2\/pages"}],"about":[{"href":"https:\/\/divinorog.com.br\/index.php\/wp-json\/wp\/v2\/types\/page"}],"author":[{"embeddable":true,"href":"https:\/\/divinorog.com.br\/index.php\/wp-json\/wp\/v2\/users\/1"}],"replies":[{"embeddable":true,"href":"https:\/\/divinorog.com.br\/index.php\/wp-json\/wp\/v2\/comments?post=8745"}],"version-history":[{"count":3,"href":"https:\/\/divinorog.com.br\/index.php\/wp-json\/wp\/v2\/pages\/8745\/revisions"}],"predecessor-version":[{"id":9051,"href":"https:\/\/divinorog.com.br\/index.php\/wp-json\/wp\/v2\/pages\/8745\/revisions\/9051"}],"wp:attachment":[{"href":"https:\/\/divinorog.com.br\/index.php\/wp-json\/wp\/v2\/media?parent=8745"}],"curies":[{"name":"wp","href":"https:\/\/api.w.org\/{rel}","templated":true}]}}