{"id":8738,"date":"2024-07-15T10:22:09","date_gmt":"2024-07-15T10:22:09","guid":{"rendered":"https:\/\/divinorog.com.br\/divino\/?page_id=8738"},"modified":"2024-07-15T10:36:17","modified_gmt":"2024-07-15T10:36:17","slug":"dizimo","status":"publish","type":"page","link":"https:\/\/divinorog.com.br\/index.php\/dizimo\/","title":{"rendered":"Dizimo"},"content":{"rendered":"<p>\u201cO Senhor retribui a oferta e Ele, em troca, lhe dar\u00e1 sete vezes mais\u201d (Ecle 35,7-10)<\/p>\n<p>Para onde \u00e9 destinado meu d\u00edzimo? A obriga\u00e7\u00e3o do d\u00edzimo vem da generosidade do pr\u00f3prio cora\u00e7\u00e3o. Se o fiel cat\u00f3lico se sente parte integrante da Igreja, ent\u00e3o n\u00e3o est\u00e1 dispensado de contribuir para que ela seja sempre viva, forte, atuante e tenha todos os meios necess\u00e1rios para que a Palavra de Deus chegue aos mais afastados. O d\u00edzimo \u00e9 manifesta\u00e7\u00e3o da consci\u00eancia da partilha!<\/p>\n<p>O dizimo deve ser entregue mensalmente porque as despesas ordin\u00e1rias da manuten\u00e7\u00e3o da Igreja s\u00e3o pagas todos os meses. O recurso do d\u00edzimo \u00e9 aplicado nas seguintes despesas: no pagamento de funcion\u00e1rios, encargos sociais, assinaturas de subs\u00eddios e revistas, energia el\u00e9trica, \u00e1gua, telefone, internet, material de limpeza, manuten\u00e7\u00e3o das estruturas f\u00edsicas e t\u00e9cnicas, despesas pastorais, forma\u00e7\u00e3o, manuten\u00e7\u00e3o dos sacerdotes, material lit\u00fargico (toalhas, velas, flores, papel, vinho, h\u00f3stias\u2026), transportes, partilha com a (Arqui)diocese, a\u00e7\u00f5es mission\u00e1rias, caridade, etc. Visto que todos os meses temos contas a pagar, ent\u00e3o todo m\u00eas cada fiel \u00e9 chamado a colaborar para que tudo seja pago. A Igreja \u00e9 nossa!<\/p>\n<p>Seja um DIZIMISTA!! Procure a Secretaria Paroquial ou o Plant\u00e3o do D\u00edzimo na Igreja Matriz.<\/p>\n<p style=\"text-align: center;\">Ser Dizimista \u00e9 uma quest\u00e3o de F\u00e9.<\/p>\n<p><strong><u><img loading=\"lazy\" decoding=\"async\" class=\"wp-image-8740 aligncenter\" src=\"https:\/\/divinorog.com.br\/wp-content\/uploads\/2024\/07\/coracao3.png\" alt=\"\" width=\"343\" height=\"280\" srcset=\"https:\/\/divinorog.com.br\/wp-content\/uploads\/2024\/07\/coracao3.png 865w, https:\/\/divinorog.com.br\/wp-content\/uploads\/2024\/07\/coracao3-300x245.png 300w, https:\/\/divinorog.com.br\/wp-content\/uploads\/2024\/07\/coracao3-768x627.png 768w\" sizes=\"auto, (max-width: 343px) 100vw, 343px\" \/><\/u><\/strong><\/p>\n<p style=\"text-align: center;\"><strong><u>COMO PAGAR SEU D\u00cdZIMO:<\/u><\/strong><\/p>\n<p style=\"text-align: center;\">Pelo QR CODE<\/p>\n<p style=\"text-align: center;\"><img loading=\"lazy\" decoding=\"async\" class=\"alignnone size-full wp-image-8742\" src=\"https:\/\/divinorog.com.br\/wp-content\/uploads\/2024\/07\/qrcode.png\" alt=\"\" width=\"298\" height=\"298\" srcset=\"https:\/\/divinorog.com.br\/wp-content\/uploads\/2024\/07\/qrcode.png 298w, https:\/\/divinorog.com.br\/wp-content\/uploads\/2024\/07\/qrcode-150x150.png 150w, https:\/\/divinorog.com.br\/wp-content\/uploads\/2024\/07\/qrcode-70x70.png 70w\" sizes=\"auto, (max-width: 298px) 100vw, 298px\" \/><\/p>\n<p style=\"text-align: center;\">Por CHAVE PIX: <strong>00.108.217\/0006-24<\/strong><\/p>\n<p style=\"text-align: center;\">Por transfer\u00eancia Banc\u00e1ria<\/p>\n<p style=\"text-align: center;\">Banco: Caixa Econ\u00f4mica Federal<\/p>\n<p style=\"text-align: center;\">Ag\u00eancia: 0643<\/p>\n<p style=\"text-align: center;\">Conta Corrente: 3726-6<\/p>\n<p>&nbsp;<\/p>\n","protected":false},"excerpt":{"rendered":"<p>\u201cO Senhor retribui a oferta e Ele, em troca, lhe dar\u00e1 sete vezes mais\u201d (Ecle 35,7-10) Para onde \u00e9 destinado meu d\u00edzimo? A obriga\u00e7\u00e3o do d\u00edzimo vem da generosidade do<\/p>\n","protected":false},"author":1,"featured_media":0,"parent":0,"menu_order":0,"comment_status":"closed","ping_status":"closed","template":"","meta":{"footnotes":""},"class_list":["post-8738","page","type-page","status-publish","hentry"],"_links":{"self":[{"href":"https:\/\/divinorog.com.br\/index.php\/wp-json\/wp\/v2\/pages\/8738","targetHints":{"allow":["GET"]}}],"collection":[{"href":"https:\/\/divinorog.com.br\/index.php\/wp-json\/wp\/v2\/pages"}],"about":[{"href":"https:\/\/divinorog.com.br\/index.php\/wp-json\/wp\/v2\/types\/page"}],"author":[{"embeddable":true,"href":"https:\/\/divinorog.com.br\/index.php\/wp-json\/wp\/v2\/users\/1"}],"replies":[{"embeddable":true,"href":"https:\/\/divinorog.com.br\/index.php\/wp-json\/wp\/v2\/comments?post=8738"}],"version-history":[{"count":3,"href":"https:\/\/divinorog.com.br\/index.php\/wp-json\/wp\/v2\/pages\/8738\/revisions"}],"predecessor-version":[{"id":8743,"href":"https:\/\/divinorog.com.br\/index.php\/wp-json\/wp\/v2\/pages\/8738\/revisions\/8743"}],"wp:attachment":[{"href":"https:\/\/divinorog.com.br\/index.php\/wp-json\/wp\/v2\/media?parent=8738"}],"curies":[{"name":"wp","href":"https:\/\/api.w.org\/{rel}","templated":true}]}}