{"id":8426,"date":"2024-06-21T12:10:13","date_gmt":"2024-06-21T12:10:13","guid":{"rendered":"https:\/\/divinorog.com.br\/divino\/index.php\/setor-de-liturgia-copy\/"},"modified":"2024-06-21T12:27:09","modified_gmt":"2024-06-21T12:27:09","slug":"setor-catequetico","status":"publish","type":"page","link":"https:\/\/divinorog.com.br\/index.php\/setor-catequetico\/","title":{"rendered":"Setor Catequ\u00e9tico"},"content":{"rendered":"<p>[vc_row][vc_column]<div class=\"slz-shortcode sc_main_title main-title-119005695469e36514c7171   style-1  text-c \">\r\n\t<div class=\"slz-main-title\">\r\n\t\t\t\t\t\t\t\t\t<h2 class=\"title\">Setor Catequ\u00e9tico\t\t\t\t\t\t<\/h2>\r\n\t\t\t\t\r\n\t<\/div>\r\n<\/div>\r\n\r\n[\/vc_column][\/vc_row][vc_row][vc_column width=&#8221;1\/3&#8243;][vc_single_image image=&#8221;8430&#8243; img_size=&#8221;medium&#8221; alignment=&#8221;center&#8221; style=&#8221;vc_box_circle_2&#8243;][vc_empty_space height=&#8221;22px&#8221;][vc_column_text]<\/p>\n<p style=\"text-align: center;\"><strong>Adultos<\/strong><\/p>\n<p style=\"text-align: center;\">Coordenadora: Maria Elizabeth Solha Pereira<br \/>\nFone: (61) 3301-5515<br \/>\ne-mail: m.e.c.p@uol.com.br<\/p>\n<p style=\"text-align: center;\">Vice-Coordenadora: Concei\u00e7\u00e3o Borges da Silva<\/p>\n<p>[\/vc_column_text][\/vc_column][vc_column width=&#8221;1\/3&#8243;][vc_single_image image=&#8221;8431&#8243; img_size=&#8221;medium&#8221; alignment=&#8221;center&#8221; style=&#8221;vc_box_circle_2&#8243;][vc_empty_space height=&#8221;22px&#8221;][vc_column_text]<\/p>\n<p style=\"text-align: center;\"><strong>Comunidade Santo An\u00edbal<\/strong><\/p>\n<p style=\"text-align: center;\">Coordena\u00e7\u00e3o da Primeira Eucaristia<br \/>\nMaria Aurora<\/p>\n<p>[\/vc_column_text][\/vc_column][vc_column width=&#8221;1\/3&#8243;][vc_single_image image=&#8221;8432&#8243; img_size=&#8221;medium&#8221; alignment=&#8221;center&#8221; style=&#8221;vc_box_circle_2&#8243;][vc_empty_space height=&#8221;22px&#8221;][vc_column_text]<\/p>\n<p style=\"text-align: center;\"><strong>Comunidade Nossa Senhora de Lourdes<\/strong><\/p>\n<p style=\"text-align: center;\">Coordenadora: Lucylene Val\u00e9rio Rocha<br \/>\nFone: (61) 3301-6226<\/p>\n<p style=\"text-align: center;\">Vice-Coordenadora: Silva Barcellos<\/p>\n<p>[\/vc_column_text][\/vc_column][\/vc_row][vc_row][vc_column width=&#8221;1\/3&#8243;][vc_single_image image=&#8221;8437&#8243; img_size=&#8221;medium&#8221; alignment=&#8221;center&#8221; style=&#8221;vc_box_circle_2&#8243;][vc_empty_space height=&#8221;22px&#8221;][vc_column_text]<\/p>\n<p style=\"text-align: center;\"><strong>Catequistas e Auxiliares<\/strong><\/p>\n<p style=\"text-align: center;\">Valdelice Brito De Oliveira<br \/>\nFone: (61) 3380-1281<br \/>\ne-mail: valdelicebrito@yahoo.com.br<\/p>\n<p style=\"text-align: center;\">L\u00eada Vieira Gomes, Rosa Maria Sorte Moreira, Claudia Taveira Manso.<\/p>\n<p>[\/vc_column_text][\/vc_column][vc_column width=&#8221;1\/3&#8243;][vc_single_image image=&#8221;8438&#8243; img_size=&#8221;medium&#8221; alignment=&#8221;center&#8221; style=&#8221;vc_box_circle_2&#8243;][vc_empty_space height=&#8221;22px&#8221;][vc_column_text]<\/p>\n<p style=\"text-align: center;\"><strong>Crisma<\/strong><\/p>\n<p style=\"text-align: center;\">Coordenador: Gabriel Armondes Fernandes<br \/>\nFone: (61) 3568-8963<br \/>\ne-mail: gfarmondes@gmail.com<\/p>\n<p style=\"text-align: center;\">Vice-Coordenadora: Giselle Ger\u00f4nimo dos Santos, \u00c9dipo Lima da Silva.<\/p>\n<p>[\/vc_column_text][\/vc_column][vc_column width=&#8221;1\/3&#8243;][vc_single_image image=&#8221;8439&#8243; img_size=&#8221;medium&#8221; alignment=&#8221;center&#8221; style=&#8221;vc_box_circle_2&#8243;][vc_empty_space height=&#8221;22px&#8221;][vc_column_text]<\/p>\n<p style=\"text-align: center;\"><strong>Eucaristia I e II<\/strong><\/p>\n<p style=\"text-align: center;\">Coordenadora: Vivien Jaqueline Dos Prazeres Fonseca<br \/>\nFone: (61) 3036-6648<br \/>\ne-mail: vivien1958@gmail.com<\/p>\n<p style=\"text-align: center;\">Vice-Coordenador: Paloma martini Vallada.<br \/>\nCatequistas e Auxiliares: Brenda Rocha dos Santos, Fernanda Souza Silva.<\/p>\n<p>[\/vc_column_text][\/vc_column][\/vc_row][vc_row][vc_column width=&#8221;1\/3&#8243;][vc_single_image image=&#8221;8444&#8243; img_size=&#8221;medium&#8221; alignment=&#8221;center&#8221; style=&#8221;vc_box_circle_2&#8243;][vc_empty_space height=&#8221;22px&#8221;][vc_column_text]<\/p>\n<p style=\"text-align: center;\"><strong>Inicia\u00e7\u00e3o<\/strong><\/p>\n<p style=\"text-align: center;\">Coordenadora: Emily Maria Machado<br \/>\nFone: (61) 995864211<br \/>\ne-mail: smachadocursino@gmail.com<\/p>\n<p style=\"text-align: center;\">Vice-Coordenador: Paloma Martini Vallada.<br \/>\nCatequista e Auxiliares: Brenda Rocha dos Santos, Fernanda Souza Silva.<\/p>\n<p>[\/vc_column_text][\/vc_column][vc_column width=&#8221;1\/3&#8243;][vc_single_image image=&#8221;8445&#8243; img_size=&#8221;medium&#8221; alignment=&#8221;center&#8221; style=&#8221;vc_box_circle_2&#8243;][vc_empty_space height=&#8221;22px&#8221;][vc_column_text]<\/p>\n<p style=\"text-align: center;\"><strong>Pastoral Catequ\u00e9tica<\/strong><\/p>\n<p style=\"text-align: center;\">Coordenadora: Veramir Ara\u00fajo Ribeiro (Vera)<br \/>\nFone: (61) 3379-1008<br \/>\ne-mail: verazanotto@hotmail.com<\/p>\n<p style=\"text-align: center;\">Vice-Coordenadora: Mari\u00e2ngela Paz Picardo, Fernanda Santos de Figueiredo.<\/p>\n<p>[\/vc_column_text][\/vc_column][vc_column width=&#8221;1\/3&#8243;][vc_single_image image=&#8221;8404&#8243; img_size=&#8221;medium&#8221; alignment=&#8221;center&#8221; style=&#8221;vc_box_circle_2&#8243;][vc_empty_space height=&#8221;22px&#8221;][vc_column_text]<\/p>\n<p style=\"text-align: center;\"><strong>Ministros Extraordin\u00e1rios da Sagrada Comunh\u00e3o Eucar\u00edstica \u2013 MESCE<\/strong><\/p>\n<p style=\"text-align: center;\">Coordenadora: Maria Das Gra\u00e7as Cavalcante Gon\u00e7alves<br \/>\nFone: (61) 3567-5997<br \/>\ne-mail: graca1949@gmail.com<\/p>\n<p style=\"text-align: center;\">Vice \u2013 Coordenadora e Secret\u00e1ria: Eliene F. Ara\u00fajo<\/p>\n<p>[\/vc_column_text][\/vc_column][\/vc_row][vc_row][vc_column width=&#8221;1\/3&#8243;][vc_single_image image=&#8221;8402&#8243; img_size=&#8221;medium&#8221; alignment=&#8221;center&#8221; style=&#8221;vc_box_circle_2&#8243;][vc_empty_space height=&#8221;22px&#8221;][vc_column_text]<\/p>\n<p style=\"text-align: center;\"><strong>Minist\u00e9rio da Palavra -MP<\/strong><\/p>\n<p style=\"text-align: center;\">Coordenadora: Maria Leodenice Alves Magalh\u00e3es<br \/>\nFone: (61) 3567-4790<br \/>\ne-mail: leodenice.df@gmail.com<\/p>\n<p style=\"text-align: center;\">Secret\u00e1rios: Maria Genilda Leite e Assis Rodrigues de Castro.<\/p>\n<p>[\/vc_column_text][\/vc_column][vc_column width=&#8221;1\/3&#8243;][vc_single_image image=&#8221;8393&#8243; img_size=&#8221;medium&#8221; alignment=&#8221;center&#8221; style=&#8221;vc_box_circle_2&#8243;][vc_empty_space height=&#8221;22px&#8221;][vc_column_text]<\/p>\n<p style=\"text-align: center;\"><strong>Ministros da Eucaristia<\/strong><\/p>\n<p style=\"text-align: center;\">Adgelson Gomes De Sousa e Aldenir Mendes dos Reis<br \/>\nFone: (61) 3567-5088<br \/>\ne-mail: adgelsonbrasilia@gmail.com<\/p>\n<p style=\"text-align: center;\">Ant\u00f4nia Maria M. Vasconcelos, Carla Siqueira e Sousa, Concei\u00e7\u00e3o Borges Silva Edicarlos Pereira Costa.<\/p>\n<p>[\/vc_column_text][\/vc_column][vc_column width=&#8221;1\/3&#8243;][vc_single_image image=&#8221;8404&#8243; img_size=&#8221;medium&#8221; alignment=&#8221;center&#8221; style=&#8221;vc_box_circle_2&#8243;][vc_empty_space height=&#8221;22px&#8221;][vc_column_text]<\/p>\n<p style=\"text-align: center;\"><strong>Ministros Extraordin\u00e1rios da Sagrada Comunh\u00e3o Eucar\u00edstica \u2013 MESCE<\/strong><\/p>\n<p style=\"text-align: center;\">Coordenadora: Maria Das Gra\u00e7as Cavalcante Gon\u00e7alves<br \/>\nFone: (61) 3567-5997<br \/>\ne-mail: graca1949@gmail.com<\/p>\n<p style=\"text-align: center;\">Vice \u2013 Coordenadora e Secret\u00e1ria: Eliene F. Ara\u00fajo<\/p>\n<p>[\/vc_column_text][\/vc_column][\/vc_row]<\/p>\n","protected":false},"excerpt":{"rendered":"<p>[vc_row][vc_column][\/vc_column][\/vc_row][vc_row][vc_column width=&#8221;1\/3&#8243;][vc_single_image image=&#8221;8430&#8243; img_size=&#8221;medium&#8221; alignment=&#8221;center&#8221; style=&#8221;vc_box_circle_2&#8243;][vc_empty_space height=&#8221;22px&#8221;][vc_column_text] Adultos Coordenadora: Maria Elizabeth Solha Pereira Fone: (61) 3301-5515 e-mail: m.e.c.p@uol.com.br Vice-Coordenadora: Concei\u00e7\u00e3o Borges da Silva [\/vc_column_text][\/vc_column][vc_column width=&#8221;1\/3&#8243;][vc_single_image image=&#8221;8431&#8243; img_size=&#8221;medium&#8221; alignment=&#8221;center&#8221; style=&#8221;vc_box_circle_2&#8243;][vc_empty_space height=&#8221;22px&#8221;][vc_column_text]<\/p>\n","protected":false},"author":1,"featured_media":0,"parent":0,"menu_order":0,"comment_status":"closed","ping_status":"closed","template":"","meta":{"footnotes":""},"class_list":["post-8426","page","type-page","status-publish","hentry"],"_links":{"self":[{"href":"https:\/\/divinorog.com.br\/index.php\/wp-json\/wp\/v2\/pages\/8426","targetHints":{"allow":["GET"]}}],"collection":[{"href":"https:\/\/divinorog.com.br\/index.php\/wp-json\/wp\/v2\/pages"}],"about":[{"href":"https:\/\/divinorog.com.br\/index.php\/wp-json\/wp\/v2\/types\/page"}],"author":[{"embeddable":true,"href":"https:\/\/divinorog.com.br\/index.php\/wp-json\/wp\/v2\/users\/1"}],"replies":[{"embeddable":true,"href":"https:\/\/divinorog.com.br\/index.php\/wp-json\/wp\/v2\/comments?post=8426"}],"version-history":[{"count":5,"href":"https:\/\/divinorog.com.br\/index.php\/wp-json\/wp\/v2\/pages\/8426\/revisions"}],"predecessor-version":[{"id":8446,"href":"https:\/\/divinorog.com.br\/index.php\/wp-json\/wp\/v2\/pages\/8426\/revisions\/8446"}],"wp:attachment":[{"href":"https:\/\/divinorog.com.br\/index.php\/wp-json\/wp\/v2\/media?parent=8426"}],"curies":[{"name":"wp","href":"https:\/\/api.w.org\/{rel}","templated":true}]}}