{"id":8421,"date":"2024-06-21T12:03:08","date_gmt":"2024-06-21T12:03:08","guid":{"rendered":"https:\/\/divinorog.com.br\/divino\/index.php\/setor-de-liturgia-copy\/"},"modified":"2024-06-21T12:07:44","modified_gmt":"2024-06-21T12:07:44","slug":"setor-vocacional-missionario","status":"publish","type":"page","link":"https:\/\/divinorog.com.br\/index.php\/setor-vocacional-missionario\/","title":{"rendered":"Setor Vocacional Mission\u00e1rio"},"content":{"rendered":"<p>[vc_row][vc_column]<div class=\"slz-shortcode sc_main_title main-title-187849010469e3632668be8   style-1  text-c \">\r\n\t<div class=\"slz-main-title\">\r\n\t\t\t\t\t\t\t\t\t<h2 class=\"title\">Setor Vocacional Mission\u00e1rio\t\t\t\t\t\t<\/h2>\r\n\t\t\t\t\r\n\t<\/div>\r\n<\/div>\r\n\r\n[\/vc_column][\/vc_row][vc_row][vc_column width=&#8221;1\/3&#8243;][vc_single_image image=&#8221;8371&#8243; img_size=&#8221;medium&#8221; alignment=&#8221;center&#8221; style=&#8221;vc_box_circle_2&#8243;][vc_empty_space height=&#8221;22px&#8221;][vc_column_text]<\/p>\n<p style=\"text-align: center;\"><strong>A\u00e7\u00e3o Mission\u00e1ria Paroquial (AMP)<\/strong><\/p>\n<p style=\"text-align: center;\">Coordenadora: Casal Everaldo Mascarenhas, Amaral E Zeneide Silva Amaral<br \/>\nFone: (61) 3381-5657<\/p>\n<p style=\"text-align: center;\">Representante na Comunidade Nossa Senhora de Lourdes: Maria de Lourdes e Dejair.<\/p>\n<p style=\"text-align: center;\">Representante na Comunidade Santo An\u00edbal Maria Di Fran\u00e7a: Eunice, Concei\u00e7\u00e3o e Aurora<\/p>\n<p>[\/vc_column_text][\/vc_column][vc_column width=&#8221;1\/3&#8243;][vc_empty_space height=&#8221;22px&#8221;][\/vc_column][vc_column width=&#8221;1\/3&#8243;][vc_single_image image=&#8221;8380&#8243; img_size=&#8221;medium&#8221; alignment=&#8221;center&#8221; style=&#8221;vc_box_circle_2&#8243;][vc_empty_space height=&#8221;22px&#8221;][vc_column_text]<\/p>\n<p style=\"text-align: center;\"><strong>Equipe Vocacional Paroquial (EVP)<\/strong><\/p>\n<p style=\"text-align: center;\">Coordenadora: Z\u00e9lia Alves \u2013 Belluguinha<\/p>\n<p>[\/vc_column_text][\/vc_column][\/vc_row]<\/p>\n","protected":false},"excerpt":{"rendered":"<p>[vc_row][vc_column][\/vc_column][\/vc_row][vc_row][vc_column width=&#8221;1\/3&#8243;][vc_single_image image=&#8221;8371&#8243; img_size=&#8221;medium&#8221; alignment=&#8221;center&#8221; style=&#8221;vc_box_circle_2&#8243;][vc_empty_space height=&#8221;22px&#8221;][vc_column_text] A\u00e7\u00e3o Mission\u00e1ria Paroquial (AMP) Coordenadora: Casal Everaldo Mascarenhas, Amaral E Zeneide Silva Amaral Fone: (61) 3381-5657 Representante na Comunidade Nossa Senhora de Lourdes:<\/p>\n","protected":false},"author":1,"featured_media":0,"parent":0,"menu_order":0,"comment_status":"closed","ping_status":"closed","template":"","meta":{"footnotes":""},"class_list":["post-8421","page","type-page","status-publish","hentry"],"_links":{"self":[{"href":"https:\/\/divinorog.com.br\/index.php\/wp-json\/wp\/v2\/pages\/8421","targetHints":{"allow":["GET"]}}],"collection":[{"href":"https:\/\/divinorog.com.br\/index.php\/wp-json\/wp\/v2\/pages"}],"about":[{"href":"https:\/\/divinorog.com.br\/index.php\/wp-json\/wp\/v2\/types\/page"}],"author":[{"embeddable":true,"href":"https:\/\/divinorog.com.br\/index.php\/wp-json\/wp\/v2\/users\/1"}],"replies":[{"embeddable":true,"href":"https:\/\/divinorog.com.br\/index.php\/wp-json\/wp\/v2\/comments?post=8421"}],"version-history":[{"count":3,"href":"https:\/\/divinorog.com.br\/index.php\/wp-json\/wp\/v2\/pages\/8421\/revisions"}],"predecessor-version":[{"id":8425,"href":"https:\/\/divinorog.com.br\/index.php\/wp-json\/wp\/v2\/pages\/8421\/revisions\/8425"}],"wp:attachment":[{"href":"https:\/\/divinorog.com.br\/index.php\/wp-json\/wp\/v2\/media?parent=8421"}],"curies":[{"name":"wp","href":"https:\/\/api.w.org\/{rel}","templated":true}]}}