{"id":5143,"date":"2018-03-22T18:49:39","date_gmt":"2018-03-22T21:49:39","guid":{"rendered":"https:\/\/divinorog.com.br\/site\/?page_id=5143"},"modified":"2018-03-22T18:49:39","modified_gmt":"2018-03-22T21:49:39","slug":"parocos","status":"publish","type":"page","link":"https:\/\/divinorog.com.br\/index.php\/parocos\/","title":{"rendered":"P\u00e1rocos"},"content":{"rendered":"<p>[vc_row][vc_column width=&#8221;1\/3&#8243;][vc_text_separator title=&#8221;Mario Alves Bandeira&#8221; color=&#8221;juicy_pink&#8221; style=&#8221;shadow&#8221; border_width=&#8221;4&#8243; css_animation=&#8221;fadeInUp&#8221;][vc_single_image image=&#8221;5144&#8243; img_size=&#8221;medium&#8221; alignment=&#8221;center&#8221; style=&#8221;vc_box_outline_circle_2&#8243; onclick=&#8221;zoom&#8221; css_animation=&#8221;flipInX&#8221;][vc_column_text]<\/p>\n<p style=\"text-align: center;\"><em><strong>Pe. Mario Alves Bandeira \u2013 11\/03-2012<br \/>\n<\/strong><\/em>Nasceu aos 08 de Julho de 1960, na cidade de Passos-MG. Ordenou no dia 01 de Julho de 1989 em Passos. Nesta \u00e9poca, era di\u00e1cono em Bras\u00edlia e ainda exerceu o sacerd\u00f3cio na capital federal por seis meses. Trabalhou em Passos (1990-1997 e de 2007-2011), S\u00e3o Paulo (1998-2006). E atualmente \u00e9 p\u00e1roco desde 11 de mar\u00e7o de 2012.<\/p>\n<p>[\/vc_column_text][vc_empty_space][vc_text_separator title=&#8221;Ademar Tramontin&#8221; color=&#8221;juicy_pink&#8221; style=&#8221;shadow&#8221; border_width=&#8221;4&#8243; css_animation=&#8221;fadeInUp&#8221;][vc_single_image image=&#8221;5161&#8243; img_size=&#8221;medium&#8221; alignment=&#8221;center&#8221; style=&#8221;vc_box_outline_circle_2&#8243; css_animation=&#8221;flipInX&#8221;][vc_column_text]<\/p>\n<p style=\"text-align: center;\"><em><strong>Pe. Ademar Tramontin \u2013 26\/02\/1996<br \/>\n<\/strong><\/em>Nasceu aos 22 de Setembro de 1956. Foi ordenado no dia 27 de Janeiro de 1985 na cidade de Crici\u00fama (SC). Trabalhou em Curitiba, Gravata\u00ed, Crici\u00fama, S\u00e3o Paulo e atualmente, encontra-se em Bras\u00edlia.<\/p>\n<p>[\/vc_column_text][vc_empty_space][vc_text_separator title=&#8221;Alberto Oselin&#8221; color=&#8221;juicy_pink&#8221; style=&#8221;shadow&#8221; border_width=&#8221;4&#8243; css_animation=&#8221;fadeInUp&#8221;][vc_single_image image=&#8221;5168&#8243; img_size=&#8221;medium&#8221; alignment=&#8221;center&#8221; style=&#8221;vc_box_outline_circle_2&#8243; css_animation=&#8221;flipInX&#8221;][vc_column_text]<\/p>\n<p style=\"text-align: center;\"><em><strong>Pe. Alberto Oselin \u2013 23\/02\/1975<br \/>\n<\/strong><\/em>Nasceu aos 27 de Maio de 1934 na cidade de S. Martino Di V \u2013 RO (It\u00e1lia). Ordenado Sacerdote aos 06 de Julho de 1963 na cidade de Padova (It\u00e1lia). Passou por diversas comunidades de S\u00e3o Paulo, Porto Alegre e Bauru. Atualmente \u00e9 p\u00e1roco em Gravata\u00ed (RS).<\/p>\n<p>[\/vc_column_text][\/vc_column][vc_column width=&#8221;1\/3&#8243;][vc_text_separator title=&#8221;Jo\u00e3o Batista Simon&#8221; color=&#8221;mulled_wine&#8221; style=&#8221;shadow&#8221; border_width=&#8221;4&#8243; css_animation=&#8221;fadeInUp&#8221;][vc_single_image image=&#8221;5156&#8243; img_size=&#8221;medium&#8221; alignment=&#8221;center&#8221; style=&#8221;vc_box_outline_circle_2&#8243; css_animation=&#8221;flipInX&#8221;][vc_column_text]<\/p>\n<p style=\"text-align: center;\"><em><strong>Pe. Jo\u00e3o Batista Simon \u2013 28\/02\/2004<br \/>\n<\/strong><\/em>Nasceu aos 24 de Julho de 1966 na cidade de Jacinto Machado (SC). Foi ordenado sacerdote aos 06 de maio de 1995 na cidade de Dois Irm\u00e3os (SC). Trabalhou em Curitiba, Crici\u00fama, Bras\u00edlia, e atualmente, \u00e9 p\u00e1roco em Crici\u00fama.<\/p>\n<p>[\/vc_column_text][vc_empty_space][vc_text_separator title=&#8221;Guido Monttinelli&#8221; color=&#8221;mulled_wine&#8221; style=&#8221;shadow&#8221; border_width=&#8221;4&#8243; css_animation=&#8221;fadeInUp&#8221;][vc_single_image image=&#8221;5163&#8243; img_size=&#8221;medium&#8221; alignment=&#8221;center&#8221; style=&#8221;vc_box_outline_circle_2&#8243; css_animation=&#8221;flipInX&#8221;][vc_column_text]<\/p>\n<p style=\"text-align: center;\"><em><strong>Pe. Guido Montinelli \u2013 26\/02\/1996<br \/>\n<\/strong><\/em>Nasceu aos 24 de Maio de 1947 na cidade de Chriari \u2013 BS (It\u00e1lia). Foi ordenado aos 30 de Abril de 1973 na cidade de Dezenzano \u2013 BS (It\u00e1lia). Trabalhou no Brasil em Crici\u00fama, S\u00e3o Paulo, Bras\u00edlia, Passos e atualmente encontra-se em Bauru.<\/p>\n<p>[\/vc_column_text][vc_empty_space][vc_text_separator title=&#8221;Jose Vilardi&#8221; color=&#8221;mulled_wine&#8221; style=&#8221;shadow&#8221; border_width=&#8221;4&#8243; css_animation=&#8221;fadeInUp&#8221;][vc_single_image image=&#8221;5169&#8243; img_size=&#8221;medium&#8221; alignment=&#8221;center&#8221; style=&#8221;vc_box_outline_circle_2&#8243; css_animation=&#8221;flipInX&#8221;][vc_column_text]<\/p>\n<p style=\"text-align: center;\">Nasceu aos 13 de Setembro de 1919 na cidade de Messina (It\u00e1lia) e faleceu aos 72 anos, no dia 24 de Setembro de 1991, na cidade de Bauru \u2013 S\u00e3o Paulo. Ordenado sacerdote em Messina, a 15 de Julho de 1945. En agisti de 1964 veio para o Brasil e trabalhou em Passos (MG), Crici\u00fama (SC), Bauru (SP) e Bras\u00edlia (DF) e retornou a Bauru, onde viveu os seus \u00faltimos anos e aonde tamb\u00e9m se encontra sepultado.<\/p>\n<p>[\/vc_column_text][\/vc_column][vc_column width=&#8221;1\/3&#8243;][vc_text_separator title=&#8221;Gilson Luiz Maia&#8221; color=&#8221;juicy_pink&#8221; style=&#8221;shadow&#8221; border_width=&#8221;4&#8243; css_animation=&#8221;fadeInUp&#8221;][vc_single_image image=&#8221;5158&#8243; img_size=&#8221;medium&#8221; alignment=&#8221;center&#8221; style=&#8221;vc_box_outline_circle_2&#8243; css_animation=&#8221;flipInX&#8221;][vc_column_text]<\/p>\n<p style=\"text-align: center;\"><em><strong>Pe. Gilson Luiz Maia \u2013 07\/02\/1999<br \/>\n<\/strong><\/em>Nasceu aos 14 de Mar\u00e7o de 1964 na cidade de Passos (MG). Foi ordenado sacerdote no dia 26 de Abril de 1992 na cidade de Delfin\u00f3polis (MG). Trabalhou em Gravata\u00ed (RS), Bras\u00edlia, Bogot\u00e1 e atualmente, \u00e9 p\u00e1roco em Bauru.2012.<\/p>\n<p>[\/vc_column_text][vc_empty_space][vc_text_separator title=&#8221;Antonio Chirulli&#8221; color=&#8221;juicy_pink&#8221; style=&#8221;shadow&#8221; border_width=&#8221;4&#8243; css_animation=&#8221;fadeInUp&#8221;][vc_single_image image=&#8221;5166&#8243; img_size=&#8221;medium&#8221; alignment=&#8221;center&#8221; style=&#8221;vc_box_outline_circle_2&#8243; css_animation=&#8221;flipInX&#8221;][vc_column_text]<\/p>\n<p style=\"text-align: center;\"><em><strong>Pe. Antonio Chirulli \u2013 12\/02\/1978<br \/>\n<\/strong><\/em>Nasceu aos 04 de Agosto de 1931 na cidade de Ceglie Mess \u2013 BR (It\u00e1lia). Foi ordenado sacerdote no dia 13 de Julho de 1958 na cidade de Trani \u2013 BA (It\u00e1lia). No Brasil trabalhou em S\u00e3o Paulo e Bras\u00edlia, atualmente se encontra na cidade de Trezzano sul Navighio (It\u00e1lia).<\/p>\n<p>[\/vc_column_text][\/vc_column][\/vc_row]<\/p>\n","protected":false},"excerpt":{"rendered":"<p>[vc_row][vc_column width=&#8221;1\/3&#8243;][vc_text_separator title=&#8221;Mario Alves Bandeira&#8221; color=&#8221;juicy_pink&#8221; style=&#8221;shadow&#8221; border_width=&#8221;4&#8243; css_animation=&#8221;fadeInUp&#8221;][vc_single_image image=&#8221;5144&#8243; img_size=&#8221;medium&#8221; alignment=&#8221;center&#8221; style=&#8221;vc_box_outline_circle_2&#8243; onclick=&#8221;zoom&#8221; css_animation=&#8221;flipInX&#8221;][vc_column_text] Pe. Mario Alves Bandeira \u2013 11\/03-2012 Nasceu aos 08 de Julho de 1960, na cidade<\/p>\n","protected":false},"author":1,"featured_media":0,"parent":0,"menu_order":0,"comment_status":"open","ping_status":"closed","template":"","meta":{"footnotes":""},"class_list":["post-5143","page","type-page","status-publish","hentry"],"_links":{"self":[{"href":"https:\/\/divinorog.com.br\/index.php\/wp-json\/wp\/v2\/pages\/5143","targetHints":{"allow":["GET"]}}],"collection":[{"href":"https:\/\/divinorog.com.br\/index.php\/wp-json\/wp\/v2\/pages"}],"about":[{"href":"https:\/\/divinorog.com.br\/index.php\/wp-json\/wp\/v2\/types\/page"}],"author":[{"embeddable":true,"href":"https:\/\/divinorog.com.br\/index.php\/wp-json\/wp\/v2\/users\/1"}],"replies":[{"embeddable":true,"href":"https:\/\/divinorog.com.br\/index.php\/wp-json\/wp\/v2\/comments?post=5143"}],"version-history":[{"count":1,"href":"https:\/\/divinorog.com.br\/index.php\/wp-json\/wp\/v2\/pages\/5143\/revisions"}],"predecessor-version":[{"id":9889,"href":"https:\/\/divinorog.com.br\/index.php\/wp-json\/wp\/v2\/pages\/5143\/revisions\/9889"}],"wp:attachment":[{"href":"https:\/\/divinorog.com.br\/index.php\/wp-json\/wp\/v2\/media?parent=5143"}],"curies":[{"name":"wp","href":"https:\/\/api.w.org\/{rel}","templated":true}]}}