{"id":4997,"date":"2018-03-21T00:26:49","date_gmt":"2018-03-21T03:26:49","guid":{"rendered":"https:\/\/divinorog.com.br\/site\/?page_id=4997"},"modified":"2018-03-21T00:26:49","modified_gmt":"2018-03-21T03:26:49","slug":"batismo","status":"publish","type":"page","link":"https:\/\/divinorog.com.br\/index.php\/batismo\/","title":{"rendered":"Batismo"},"content":{"rendered":"\t\t<div data-elementor-type=\"wp-page\" data-elementor-id=\"4997\" class=\"elementor elementor-4997\">\n\t\t\t\t\t\t\t\t\t<section data-particle_enable=\"false\" data-particle-mobile-disabled=\"false\" class=\"elementor-section elementor-top-section elementor-element elementor-element-4ec736a elementor-section-boxed elementor-section-height-default elementor-section-height-default\" data-id=\"4ec736a\" data-element_type=\"section\">\n\t\t\t\t\t\t<div class=\"elementor-container elementor-column-gap-default\">\n\t\t\t\t\t<div class=\"elementor-column elementor-col-100 elementor-top-column elementor-element elementor-element-fdaa9a7\" data-id=\"fdaa9a7\" data-element_type=\"column\">\n\t\t\t<div class=\"elementor-widget-wrap elementor-element-populated\">\n\t\t\t\t\t\t\t\t<div class=\"elementor-element elementor-element-87574e4 elementor-widget elementor-widget-image\" data-id=\"87574e4\" data-element_type=\"widget\" data-widget_type=\"image.default\">\n\t\t\t\t<div class=\"elementor-widget-container\">\n\t\t\t<style>\/*! elementor - v3.11.5 - 14-03-2023 *\/\n.elementor-widget-image{text-align:center}.elementor-widget-image a{display:inline-block}.elementor-widget-image a img[src$=\".svg\"]{width:48px}.elementor-widget-image img{vertical-align:middle;display:inline-block}<\/style>\t\t\t\t\t\t\t\t\t\t\t\t<img loading=\"lazy\" decoding=\"async\" width=\"550\" height=\"177\" src=\"https:\/\/divinorog.com.br\/wp-content\/uploads\/2018\/03\/batismo-e1678140320227.jpg\" class=\"attachment-full size-full wp-image-4998\" alt=\"\" srcset=\"https:\/\/divinorog.com.br\/wp-content\/uploads\/2018\/03\/batismo-e1678140320227.jpg 550w, https:\/\/divinorog.com.br\/wp-content\/uploads\/2018\/03\/batismo-e1678140320227-300x97.jpg 300w\" sizes=\"auto, (max-width: 550px) 100vw, 550px\" \/>\t\t\t\t\t\t\t\t\t\t\t\t\t\t\t<\/div>\n\t\t\t\t<\/div>\n\t\t\t\t\t<\/div>\n\t\t<\/div>\n\t\t\t\t\t\t\t<\/div>\n\t\t<\/section>\n\t\t\t\t<section data-particle_enable=\"false\" data-particle-mobile-disabled=\"false\" class=\"elementor-section elementor-top-section elementor-element elementor-element-a97e7b6 elementor-section-boxed elementor-section-height-default elementor-section-height-default\" data-id=\"a97e7b6\" data-element_type=\"section\">\n\t\t\t\t\t\t<div class=\"elementor-container elementor-column-gap-default\">\n\t\t\t\t\t<div class=\"elementor-column elementor-col-100 elementor-top-column elementor-element elementor-element-8f1a479\" data-id=\"8f1a479\" data-element_type=\"column\">\n\t\t\t<div class=\"elementor-widget-wrap elementor-element-populated\">\n\t\t\t\t\t\t\t\t<div class=\"elementor-element elementor-element-10c294d elementor-widget elementor-widget-text-editor\" data-id=\"10c294d\" data-element_type=\"widget\" data-widget_type=\"text-editor.default\">\n\t\t\t\t<div class=\"elementor-widget-container\">\n\t\t\t<style>\/*! elementor - v3.11.5 - 14-03-2023 *\/\n.elementor-widget-text-editor.elementor-drop-cap-view-stacked .elementor-drop-cap{background-color:#818a91;color:#fff}.elementor-widget-text-editor.elementor-drop-cap-view-framed .elementor-drop-cap{color:#818a91;border:3px solid;background-color:transparent}.elementor-widget-text-editor:not(.elementor-drop-cap-view-default) .elementor-drop-cap{margin-top:8px}.elementor-widget-text-editor:not(.elementor-drop-cap-view-default) .elementor-drop-cap-letter{width:1em;height:1em}.elementor-widget-text-editor .elementor-drop-cap{float:left;text-align:center;line-height:1;font-size:50px}.elementor-widget-text-editor .elementor-drop-cap-letter{display:inline-block}<\/style>\t\t\t\t<p>O Batismo \u00e9 o primeiro sacramento da Igreja. Por meio dele nos tornamos filhos adotivos de Deus e passamos a fazer parte do corpo M\u00edstico de Cristo que \u00e9 a Igreja.<\/p><p>A celebra\u00e7\u00e3o do Batismo \u00e9 realizada nas datas marcadas na Secretaria Paroquial. Ela acontece sempre no\u00a0<strong>4\u00ba S\u00e1bado de cada M\u00eas \u00e0s 17h na Igreja Matriz.<\/strong>\u00a0Antes do batizado \u00e9 necess\u00e1rio que os pais e padrinhos tenham participado do curso preparat\u00f3rio que ocorre sempre no\u00a0<strong>2\u00ba S\u00e1bado de cada M\u00eas \u00e0s 14h at\u00e9 \u00e0s 18h<\/strong>\u00a0no Centro Pastoral da Par\u00f3quia.<\/p><p>Para se fazer a inscri\u00e7\u00e3o do batizado mantenha contato com\u00a0 Secretaria Paroquial para informa\u00e7\u00f5es dos documentos necess\u00e1rios.<\/p>\t\t\t\t\t\t<\/div>\n\t\t\t\t<\/div>\n\t\t\t\t\t<\/div>\n\t\t<\/div>\n\t\t\t\t\t\t\t<\/div>\n\t\t<\/section>\n\t\t\t\t\t\t\t<\/div>\n\t\t","protected":false},"excerpt":{"rendered":"<p>O Batismo \u00e9 o primeiro sacramento da Igreja. Por meio dele nos tornamos filhos adotivos de Deus e passamos a fazer parte do corpo M\u00edstico de Cristo que \u00e9 a<\/p>\n","protected":false},"author":1,"featured_media":0,"parent":0,"menu_order":0,"comment_status":"open","ping_status":"closed","template":"","meta":{"footnotes":""},"class_list":["post-4997","page","type-page","status-publish","hentry"],"_links":{"self":[{"href":"https:\/\/divinorog.com.br\/index.php\/wp-json\/wp\/v2\/pages\/4997","targetHints":{"allow":["GET"]}}],"collection":[{"href":"https:\/\/divinorog.com.br\/index.php\/wp-json\/wp\/v2\/pages"}],"about":[{"href":"https:\/\/divinorog.com.br\/index.php\/wp-json\/wp\/v2\/types\/page"}],"author":[{"embeddable":true,"href":"https:\/\/divinorog.com.br\/index.php\/wp-json\/wp\/v2\/users\/1"}],"replies":[{"embeddable":true,"href":"https:\/\/divinorog.com.br\/index.php\/wp-json\/wp\/v2\/comments?post=4997"}],"version-history":[{"count":0,"href":"https:\/\/divinorog.com.br\/index.php\/wp-json\/wp\/v2\/pages\/4997\/revisions"}],"wp:attachment":[{"href":"https:\/\/divinorog.com.br\/index.php\/wp-json\/wp\/v2\/media?parent=4997"}],"curies":[{"name":"wp","href":"https:\/\/api.w.org\/{rel}","templated":true}]}}