{"id":3415,"date":"2017-02-21T09:21:32","date_gmt":"2017-02-21T09:21:32","guid":{"rendered":"http:\/\/wp.solazu.net\/holycross\/?page_id=3415"},"modified":"2024-06-15T16:35:33","modified_gmt":"2024-06-15T16:35:33","slug":"nossaparoquia","status":"publish","type":"page","link":"https:\/\/divinorog.com.br\/index.php\/nossaparoquia\/","title":{"rendered":"Nossa Par\u00f3quia"},"content":{"rendered":"<p>[vc_row css=&#8221;.vc_custom_1489486357200{padding-bottom: 70px !important;}&#8221;][vc_column css=&#8221;.vc_custom_1487738997157{padding-bottom: 0px !important;}&#8221;][vc_row_inner][vc_column_inner width=&#8221;1\/2&#8243; css=&#8221;.vc_custom_1489486340071{padding-bottom: 30px !important;}&#8221;][vc_column_text]<\/p>\n<p style=\"text-align: justify;\">A Igreja\u00a0Matriz da Par\u00f3quia Divino Esp\u00edrito Santo, est\u00e1 decorada e enriquecida com mensagens da catequese, para que o povo de Deus \u201cvendo\u201d, lembre-se dos mist\u00e9rios da salva\u00e7\u00e3o, narrados com linhas, imagens, cores, palavras, s\u00edmbolos, desenhos e mesmo pela estrutura arquitet\u00f4nica.<\/p>\n<p style=\"text-align: justify;\">A dedica\u00e7\u00e3o do nome do Esp\u00edrito Santo dado \u00e0 nova Par\u00f3quia se deve a um grupo de pessoas que trabalhava e rezava pelas voca\u00e7\u00f5es. Foi talvez este, um sinal prof\u00e9tico da destina\u00e7\u00e3o desta igreja que no futuro seria um centro, em Bras\u00edlia, marcado pela ora\u00e7\u00e3o Rogacionista, que implora a Deus por mais Ap\u00f3stolos.<\/p>\n<p>[\/vc_column_text][vc_empty_space height=&#8221;35px&#8221;][vc_column_text]<\/p>\n<p style=\"text-align: justify;\">O arcebispo de ent\u00e3o, Dom Jos\u00e9 Newton de Almeida, acolheu a sugest\u00e3o e, o t\u00edtulo da nova igreja ficou consagrada ao Divino Esp\u00edrito Santo. Oficialmente a Par\u00f3quia foi institu\u00edda aos 25 de mar\u00e7o de 1973, quando no mesmo dia o Arcebispo Dom Jos\u00e9 Newton em cerim\u00f4nia solene, ao ar livre punha a pedra fundamental da nova Igreja e a entregava aos cuidados pastorais dos Padres Rogacionistas do Cora\u00e7\u00e3o de Jesus, representados pelo Provincial Pe. Ant\u00f4nio Chirulli.<\/p>\n<p>[\/vc_column_text][vc_empty_space height=&#8221;35px&#8221;][\/vc_column_inner][vc_column_inner width=&#8221;1\/2&#8243; css=&#8221;.vc_custom_1489486350575{padding-bottom: 30px !important;}&#8221;][vc_single_image image=&#8221;4942&#8243; img_size=&#8221;full&#8221; style=&#8221;vc_box_shadow_3d&#8221; css_animation=&#8221;fadeIn&#8221;][\/vc_column_inner][\/vc_row_inner][vc_row_inner][vc_column_inner width=&#8221;1\/2&#8243; css=&#8221;.vc_custom_1489486340071{padding-bottom: 30px !important;}&#8221;][vc_single_image image=&#8221;4951&#8243; img_size=&#8221;full&#8221; style=&#8221;vc_box_shadow_3d&#8221; css_animation=&#8221;fadeIn&#8221;][vc_empty_space height=&#8221;35px&#8221;][\/vc_column_inner][vc_column_inner width=&#8221;1\/2&#8243; css=&#8221;.vc_custom_1489486350575{padding-bottom: 30px !important;}&#8221;][vc_column_text]<\/p>\n<p style=\"text-align: justify;\">O Projeto do templo preparado pelos t\u00e9cnicos da SHIS (Sociedade Habitacional de Interesse Social) se demonstrou muito pequeno para uma grande popula\u00e7\u00e3o de cat\u00f3licos. Se procedeu ent\u00e3o a um novo projeto e, somente depois de ter superado muitas dificuldades, se procedeu novamente ao lan\u00e7amento da pedra fundamental, em 1979, ainda pelo Arcebispo Dom Jos\u00e9 Newton, assessorado novamente pelo Pe. Ant\u00f4nio Chirulli que, no entanto, se tornaria p\u00e1roco depois do Pe. Jos\u00e9 Vilardi e do Pe. Alberto Oselin.<\/p>\n<p>[\/vc_column_text][vc_column_text]<\/p>\n<p style=\"text-align: justify;\">Quando foram aprontados o subsolo e a capela, as liturgias deixaram de ser celebradas num barrac\u00e3o, sendo que no final de 1985 a igreja estava quase terminada, como consta da data crava na soleira da entrada principal. A solene inaugura\u00e7\u00e3o foi feita aos 12 de Julho de 1987 pelo Cardeal Dom Jos\u00e9 Freire Falc\u00e3o com imensa participa\u00e7\u00e3o de fi\u00e9is vindos tamb\u00e9m do Plano Piloto, sendo P\u00e1roco o Pe. Guido Mottinelli, e Vig\u00e1rio, o incans\u00e1vel Pe. Salvotore Sottile.<\/p>\n<p>[\/vc_column_text][\/vc_column_inner][\/vc_row_inner][vc_column_text]<\/p>\n<p style=\"text-align: justify;\">A Par\u00f3quia Divino Esp\u00edrito Santo, corresponde a 37\u00aa Par\u00f3quia da Arquidiocese de Bras\u00edlia, que foi desmembrada da Par\u00f3quia \u201cS\u00e3o Paulo Ap\u00f3stolo\u201d (Guar\u00e1 I), limitando, ao norte, pela Par\u00f3quia \u201cm\u00e3e\u201d, ao sul, pela Par\u00f3quia de S\u00e3o Jo\u00e3o Bosco (N\u00facleo Bandeirante), a leste pela do Santo Cura D\u00b4\u00c0rs e S\u00e3o Jos\u00e9 Oper\u00e1rio (Candangol\u00e2ndia) e a oeste, pela S\u00e3o Vicente de Paulo (Taguatinga).<\/p>\n<p style=\"text-align: justify;\">No dia 01 de Janeiro de 1992, foi desmembrada da Par\u00f3quia, a comunidade \u201cMaria Imaculada\u201d (Quadras externas 24 a 28 e de 13 a 17) e no dia 08 de dezembro de 1996 foi tamb\u00e9m desmembrada a comunidade \u201cSant\u00edssima Trindade\u201d (Quadra 38) que se tornaram Par\u00f3quias.<\/p>\n<p style=\"text-align: justify;\">No pr\u00f3ximo dia 13 de maio de 2018, est\u00e1 previsto o lan\u00e7amento da Pedra Fundamental para a cria\u00e7\u00e3o da Par\u00f3quia Nossa Senhora de Lourdes, no P\u00f3lo de Modas.<\/p>\n<p>[\/vc_column_text][\/vc_column][\/vc_row][vc_row full_width=&#8221;stretch_row&#8221; css=&#8221;.vc_custom_1521598406527{background-image: url(https:\/\/divinorog.com.br\/wp-content\/uploads\/2018\/03\/fundoigreja.jpg?id=4953) !important;background-position: center !important;background-repeat: no-repeat !important;background-size: cover !important;}&#8221;][vc_column][vc_empty_space height=&#8221;95px&#8221;][vc_empty_space height=&#8221;95px&#8221;][vc_empty_space height=&#8221;95px&#8221;][vc_empty_space height=&#8221;95px&#8221;][vc_row_inner][vc_column_inner css=&#8221;.vc_custom_1488185316415{margin-bottom: -30px !important;}&#8221;][\/vc_column_inner][\/vc_row_inner][\/vc_column][\/vc_row][vc_row css=&#8221;.vc_custom_1488270128134{padding-top: 85px !important;padding-bottom: 100px !important;}&#8221;][vc_column][vc_column_text]<div class=\"slz-shortcode sc_main_title main-title-119252997569e36553b2a13   style-1   \">\r\n\t<div class=\"slz-main-title\">\r\n\t\t\t\t\t\t\t\t\t<h2 class=\"title\">Por Que Escolher Nossa Igreja?\t\t\t\t\t\t<\/h2>\r\n\t\t\t\t\t\t\t<div class=\"subtitle\">\r\n\t\t\t\t<span class=\"subtitle-inner\">\u201cTu \u00e9s Pedro, e sobre esta pedra edificarei A MINHA IGREJA, e as portas do inferno n\u00e3o prevalecer\u00e3o contra ELA\u201d (Mt 16, 18),<\/span>\r\n\t\t\t<\/div>\r\n\t\t\r\n\t<\/div>\r\n<\/div>\r\n\r\n<div class=\"slz_shortcode sc_icon_box icon_box-86830731569e36553b2b4e  \"><div class=\"slz-list-block slz-list-column slz-column-3\"><div data-wow-delay=\"0.5s\" class=\"item  wow\"><div class=\"slz-icon-box-1 icon-box-item-1 style-vertical left\"><div class=\"icon-cell\">\r\n\t\t\t\t\t\t\t\t<div class=\"wrapper-icon-image\">\r\n\t\t\t\t\t\t\t\t\t<img decoding=\"async\" src=\"https:\/\/divinorog.com.br\/wp-content\/uploads\/2017\/02\/iconbox-4.png\" alt=\"\" class=\"slz-icon-img\">\r\n\t\t\t\t\t\t\t\t<\/div>\r\n\t\t\t\t\t\t\t<\/div>\r\n\t\t\t\t\t\t<div class=\"content-cell\">\r\n\t\t\t\t\t\t\t<div class=\"wrapper-info\">\r\n\t\t\t\t\t<div class=\"title icon_box_title-1\">Cren\u00e7a Da Igreja<\/div><div class=\"description icon_box_description-1\">Segundo o Catecismo de S\u00e3o Pio X, a doutrina cat\u00f3lica foi ensinada por Jesus Cristo para mostrar aos homens o caminho da salva\u00e7\u00e3o e da vida eterna.<\/div>\r\n\t\t\t\t\t\t\t<\/div>\r\n\t\t\t\t\t\t<\/div>\r\n\t\t\t\t\t<\/div><\/div><div data-wow-delay=\"0.5s\" class=\"item  wow\"><div class=\"slz-icon-box-1 icon-box-item-2 style-vertical left\"><div class=\"icon-cell\">\r\n\t\t\t\t\t\t\t\t<div class=\"wrapper-icon-image\">\r\n\t\t\t\t\t\t\t\t\t<img decoding=\"async\" src=\"https:\/\/divinorog.com.br\/wp-content\/uploads\/2017\/02\/iconbox-5.png\" alt=\"\" class=\"slz-icon-img\">\r\n\t\t\t\t\t\t\t\t<\/div>\r\n\t\t\t\t\t\t\t<\/div>\r\n\t\t\t\t\t\t<div class=\"content-cell\">\r\n\t\t\t\t\t\t\t<div class=\"wrapper-info\">\r\n\t\t\t\t\t<div class=\"title icon_box_title-2\">B\u00edblia Todos Os Dias<\/div><div class=\"description icon_box_description-2\">Eis a principal regra de ouro: ler a B\u00edblia todos os dias. Sem exce\u00e7\u00e3o. Leia quando tiver vontade e quando n\u00e3o tiver tamb\u00e9m!<\/div>\r\n\t\t\t\t\t\t\t<\/div>\r\n\t\t\t\t\t\t<\/div>\r\n\t\t\t\t\t<\/div><\/div><div data-wow-delay=\"0.5s\" class=\"item  wow\"><div class=\"slz-icon-box-1 icon-box-item-3 style-vertical left\"><div class=\"icon-cell\">\r\n\t\t\t\t\t\t\t\t<div class=\"wrapper-icon-image\">\r\n\t\t\t\t\t\t\t\t\t<img decoding=\"async\" src=\"https:\/\/divinorog.com.br\/wp-content\/uploads\/2017\/02\/iconbox-6.png\" alt=\"\" class=\"slz-icon-img\">\r\n\t\t\t\t\t\t\t\t<\/div>\r\n\t\t\t\t\t\t\t<\/div>\r\n\t\t\t\t\t\t<div class=\"content-cell\">\r\n\t\t\t\t\t\t\t<div class=\"wrapper-info\">\r\n\t\t\t\t\t<div class=\"title icon_box_title-3\">Comunidade<\/div><div class=\"description icon_box_description-3\">A comunidade crist\u00e3 \u00e9 um espa\u00e7o de experi\u00eancia da f\u00e9 e ades\u00e3o a Jesus Cristo. O ser mission\u00e1rio \u2013 o an\u00fancio \u00e9 inerente \u00e0 vida crist\u00e3.<\/div>\r\n\t\t\t\t\t\t\t<\/div>\r\n\t\t\t\t\t\t<\/div>\r\n\t\t\t\t\t<\/div><\/div><div data-wow-delay=\"0.5s\" class=\"item  wow\"><div class=\"slz-icon-box-1 icon-box-item-4 style-vertical left\"><div class=\"icon-cell\">\r\n\t\t\t\t\t\t\t\t<div class=\"wrapper-icon-image\">\r\n\t\t\t\t\t\t\t\t\t<img decoding=\"async\" src=\"https:\/\/divinorog.com.br\/wp-content\/uploads\/2016\/11\/icon_box_01.png\" alt=\"\" class=\"slz-icon-img\">\r\n\t\t\t\t\t\t\t\t<\/div>\r\n\t\t\t\t\t\t\t<\/div>\r\n\t\t\t\t\t\t<div class=\"content-cell\">\r\n\t\t\t\t\t\t\t<div class=\"wrapper-info\">\r\n\t\t\t\t\t<div class=\"title icon_box_title-4\">Doa\u00e7\u00e3o<\/div><div class=\"description icon_box_description-4\">Entrega volunt\u00e1ria de algo que se possui. A doa\u00e7\u00e3o \u00e9 uma a\u00e7\u00e3o que consiste numa liberdade volunt\u00e1ria entre pessoas .<\/div>\r\n\t\t\t\t\t\t\t<\/div>\r\n\t\t\t\t\t\t<\/div>\r\n\t\t\t\t\t<\/div><\/div><div data-wow-delay=\"0.5s\" class=\"item  wow\"><div class=\"slz-icon-box-1 icon-box-item-5 style-vertical left\"><div class=\"icon-cell\">\r\n\t\t\t\t\t\t\t\t<div class=\"wrapper-icon-image\">\r\n\t\t\t\t\t\t\t\t\t<img decoding=\"async\" src=\"https:\/\/divinorog.com.br\/wp-content\/uploads\/2016\/11\/icon_box_02.png\" alt=\"\" class=\"slz-icon-img\">\r\n\t\t\t\t\t\t\t\t<\/div>\r\n\t\t\t\t\t\t\t<\/div>\r\n\t\t\t\t\t\t<div class=\"content-cell\">\r\n\t\t\t\t\t\t\t<div class=\"wrapper-info\">\r\n\t\t\t\t\t<div class=\"title icon_box_title-5\">P\u00e3o E Vinho<\/div><div class=\"description icon_box_description-5\">Cristo tomou o p\u00e3o e o c\u00e1lice, pronunciou a a\u00e7\u00e3o de gra\u00e7as, partiu o p\u00e3o e deu-o aos seus disc\u00edpulos, dizendo: Tomai, comei, bebei: isto \u00e9 o meu Corpo.<\/div>\r\n\t\t\t\t\t\t\t<\/div>\r\n\t\t\t\t\t\t<\/div>\r\n\t\t\t\t\t<\/div><\/div><div data-wow-delay=\"0.5s\" class=\"item  wow\"><div class=\"slz-icon-box-1 icon-box-item-6 style-vertical left\"><div class=\"icon-cell\">\r\n\t\t\t\t\t\t\t\t<div class=\"wrapper-icon-image\">\r\n\t\t\t\t\t\t\t\t\t<img decoding=\"async\" src=\"https:\/\/divinorog.com.br\/wp-content\/uploads\/2016\/11\/icon_box_03.png\" alt=\"\" class=\"slz-icon-img\">\r\n\t\t\t\t\t\t\t\t<\/div>\r\n\t\t\t\t\t\t\t<\/div>\r\n\t\t\t\t\t\t<div class=\"content-cell\">\r\n\t\t\t\t\t\t\t<div class=\"wrapper-info\">\r\n\t\t\t\t\t<div class=\"title icon_box_title-6\">Minist\u00e9rio E Serm\u00e3o<\/div><div class=\"description icon_box_description-6\">A B\u00edblia, por\u00e9m, ensina que minist\u00e9rio \u00e9 simplesmente o exerc\u00edcio do dom de uma pessoa.<\/div>\r\n\t\t\t\t\t\t\t<\/div>\r\n\t\t\t\t\t\t<\/div>\r\n\t\t\t\t\t<\/div><\/div><\/div><\/div>[\/vc_column_text][\/vc_column][\/vc_row]<\/p>\n","protected":false},"excerpt":{"rendered":"<p>[vc_row css=&#8221;.vc_custom_1489486357200{padding-bottom: 70px !important;}&#8221;][vc_column css=&#8221;.vc_custom_1487738997157{padding-bottom: 0px !important;}&#8221;][vc_row_inner][vc_column_inner width=&#8221;1\/2&#8243; css=&#8221;.vc_custom_1489486340071{padding-bottom: 30px !important;}&#8221;][vc_column_text] A Igreja\u00a0Matriz da Par\u00f3quia Divino Esp\u00edrito Santo, est\u00e1 decorada e enriquecida com mensagens da catequese, para que o povo<\/p>\n","protected":false},"author":1,"featured_media":0,"parent":0,"menu_order":0,"comment_status":"closed","ping_status":"closed","template":"","meta":{"footnotes":""},"class_list":["post-3415","page","type-page","status-publish","hentry"],"_links":{"self":[{"href":"https:\/\/divinorog.com.br\/index.php\/wp-json\/wp\/v2\/pages\/3415","targetHints":{"allow":["GET"]}}],"collection":[{"href":"https:\/\/divinorog.com.br\/index.php\/wp-json\/wp\/v2\/pages"}],"about":[{"href":"https:\/\/divinorog.com.br\/index.php\/wp-json\/wp\/v2\/types\/page"}],"author":[{"embeddable":true,"href":"https:\/\/divinorog.com.br\/index.php\/wp-json\/wp\/v2\/users\/1"}],"replies":[{"embeddable":true,"href":"https:\/\/divinorog.com.br\/index.php\/wp-json\/wp\/v2\/comments?post=3415"}],"version-history":[{"count":4,"href":"https:\/\/divinorog.com.br\/index.php\/wp-json\/wp\/v2\/pages\/3415\/revisions"}],"predecessor-version":[{"id":8562,"href":"https:\/\/divinorog.com.br\/index.php\/wp-json\/wp\/v2\/pages\/3415\/revisions\/8562"}],"wp:attachment":[{"href":"https:\/\/divinorog.com.br\/index.php\/wp-json\/wp\/v2\/media?parent=3415"}],"curies":[{"name":"wp","href":"https:\/\/api.w.org\/{rel}","templated":true}]}}